{"id":865,"date":"2018-08-30T14:33:00","date_gmt":"2018-08-30T17:33:00","guid":{"rendered":"https:\/\/isfdcdcaguirre-for.infd.edu.ar\/sitio\/el-instituto\/"},"modified":"2020-10-21T13:45:26","modified_gmt":"2020-10-21T16:45:26","slug":"el-instituto","status":"publish","type":"page","link":"https:\/\/isfdcdcaguirre-for.infd.edu.ar\/sitio\/el-instituto\/","title":{"rendered":"El Instituto"},"content":{"rendered":"<p class=\"estilo4\" style=\"text-align: center;\"><span style=\"font-size: 12pt; font-family: 'andale mono', times;\"><strong>RESE\u00d1A\u00a0HIST\u00d3RICA<\/strong><\/span><\/p>\n<p class=\"estilo4\">\n<p class=\"estilo5\" style=\"text-align: justify;\"><span style=\"font-family: 'comic sans ms', sans-serif; font-size: 10pt;\">En el a\u00f1o 1980, por Decreto N\u00ba 461, se cre\u00f3 en Clorinda el Profesorado de Ciencias Sociales de Nivel Terciario, dependiente del Instituto Superior de Formaci\u00f3n Docente de la ciudad de Formosa, siendo su primera regente la Profesora Ana Mirta Sfascia, desarrollando sus actividades acad\u00e9micas en el local de la Escuela Provincial N\u00ba 8 \u201cJusto Jos\u00e9 de Urquiza\u201d de \u00e9sta ciudad, siedo exitosa la primera matriculaci\u00f3n que supera los 80 alumnos.-<\/span><\/p>\n<p class=\"estilo5\" style=\"text-align: justify;\"><span style=\"font-family: 'comic sans ms', sans-serif; font-size: 10pt;\">En el mes de marzo de 1981, asume funciones como nuevo regente, el Profesor Oscar Enrique Passarino, quien en el mes de diciembre del mismo a\u00f1o inicia los tr\u00e1mites tendientes a lograr la autonom\u00eda t\u00e9cnico-pedag\u00f3gica, considerando que se contaban con los recursos humanos indispensables para una funcionalidad aut\u00e9ntica.-<\/span><\/p>\n<p class=\"estilo5\" style=\"text-align: justify;\"><span style=\"font-family: 'comic sans ms', sans-serif; font-size: 10pt;\">En el mes de marzo de 1982, el Instituto comienza a desarrollar sus funciones en el local de la Escuela Nacional de Comercio, mediante un convenio suscripto por las autoridades del Ministerio de Cultura y Educaci\u00f3n de la Naci\u00f3n y el de la Provincia de Formosa.- Con fecha 30 de noviembre se impone el nombre de \u201cDon Crist\u00f3bal de Aguirre\u201d, mediante Resoluci\u00f3n N\u00ba 847, confirm\u00e1ndose al Profesor Oscar Passarino, como nuevo Director del flamante instituto.-<\/span><\/p>\n<p class=\"estilo5\" style=\"text-align: justify;\"><span style=\"font-family: 'comic sans ms', sans-serif; font-size: 10pt;\">El veintiuno de marzo de 1983, inaugura el Instituto Superior de Formaci\u00f3n Docente \u201cdon Crist\u00f3bal de Aguirre\u201d creado por Decreto N\u00ba 1985 del 22 de octubre de 1982 del Poder Ejecutivo Provincial, desarroll\u00e1ndose un solemne acto con la presencia de autoridades provinciales y de nuestra ciudad, en el actual edificio que ocupa en Ruta 11 y Catamarca de \u00e9sta ciudad.-<\/span><\/p>\n<p class=\"estilo5\" style=\"text-align: justify;\"><span style=\"font-family: 'comic sans ms', sans-serif; font-size: 10pt;\">En dicho acto, la Aduana de la ciudad de Clorinda, en su car\u00e1cter de padrinos del Establecimiento, hizo entrega de un cuadro de \u201cdon Crist\u00f3bal de Aguirre\u201d con su historial como pionero del sur argentino, acto que estuvo a cargo del Se\u00f1or Administrador don Orlando Pellegrino.-<\/span><\/p>\n<p class=\"estilo5\" style=\"text-align: justify;\"><span style=\"font-family: 'comic sans ms', sans-serif; font-size: 10pt;\">El 23 de abril de 1986 se inicia\u00a0 el ciclo lectivo, con la vigencia de dos planes de estudios que fueran aprobadas por el Poder Ejecutivo Provincial: el Profesorado en Historia (Decreto 395\/86) y el Profesorado en Geograf\u00eda (Decreto 394\/86)<\/span><\/p>\n<p class=\"estilo5\" style=\"text-align: justify;\"><span style=\"font-family: 'comic sans ms', sans-serif; font-size: 10pt;\">En el a\u00f1o 1.989, por Resoluci\u00f3n del Ministerio de Cultura y Educaci\u00f3n de la Provincia, se crea el \u201cTaller de Expresi\u00f3n Libre y Artes Pl\u00e1sticas\u201d como Anexo de la instituci\u00f3n, a cargo de la Regente se\u00f1ora Liana Melano de Dalla Costa, quien se acoge a los beneficios de la Jubilaci\u00f3n y es reemplazada recientemente por la Prof. Juliana Villalba.<\/span><\/p>\n<p class=\"estilo5\" style=\"text-align: justify;\"><span style=\"font-family: 'comic sans ms', sans-serif; font-size: 10pt;\">A partir del mandato fundacional, el instituto comienza a convertirse en centro activo de conservaci\u00f3n y acrecentamiento de la cultura y en protagonista de actividades de extensi\u00f3n a la comunidad con variados programas culturales y con acciones orientadas a la capacitaci\u00f3n, investigaci\u00f3n, y a la formaci\u00f3n t\u00e9cnica.<\/span><\/p>\n<p class=\"estilo5\" style=\"text-align: justify;\"><span style=\"font-family: 'comic sans ms', sans-serif; font-size: 10pt;\">En el transcurso de todos estos a\u00f1os, han pasado por la Direcci\u00f3n\u00a0 de \u00e9sta Casa de Estudios el Profesor Victorio Adolfo Borsotti, la Profesora Marina del Carmen Rivas, el Profesor Ricardo Alcides Colman, el Profesor Juan Carlos Ramazoti, la Profesora Edelmira Cecilia Lescano y actualmente el Mg. Profesor V\u00edctor Arturo Castro.<\/span><\/p>\n<p class=\"estilo5\" style=\"text-align: justify;\"><span style=\"font-family: 'comic sans ms', sans-serif; font-size: 10pt;\">La planta funcional est\u00e1 compuesta por personal directivo, secretar\u00edas docente y contable, profesores y administrativos, cuenta con carreras de Formaci\u00f3n Docente y T\u00e9cnnica : Profesorado en Educaci\u00f3n Secundaria en Historia, Profesorado en Educacion Superior en Ciencias de la Educaci\u00f3n; Tecnicatura Superior en Administraci\u00f3n de Empresas, Tecnicatura Superior en Dise\u00f1o de Comunicaci\u00f3n Visul y Tecnicatura Superior en Desarrollador de Software, con una matr\u00edcula de\u00a0 906 alumnos .<\/span><\/p>\n","protected":false},"excerpt":{"rendered":"<p>RESE\u00d1A\u00a0HIST\u00d3RICA En el a\u00f1o 1980, por Decreto N\u00ba 461, se cre\u00f3 en Clorinda el Profesorado de Ciencias Sociales de Nivel Terciario, dependiente del Instituto Superior de Formaci\u00f3n Docente de la ciudad de Formosa, siendo su primera regente la Profesora Ana Mirta Sfascia, desarrollando sus actividades acad\u00e9micas en el local de la Escuela Provincial N\u00ba 8 &#8230; <a title=\"El Instituto\" class=\"read-more\" href=\"https:\/\/isfdcdcaguirre-for.infd.edu.ar\/sitio\/el-instituto\/\" aria-label=\"More on El Instituto\">[+]<\/a><\/p>\n","protected":false},"author":1446,"featured_media":0,"parent":0,"menu_order":0,"comment_status":"closed","ping_status":"closed","template":"","meta":[],"acf":[],"_links":{"self":[{"href":"https:\/\/isfdcdcaguirre-for.infd.edu.ar\/sitio\/wp-json\/wp\/v2\/pages\/865"}],"collection":[{"href":"https:\/\/isfdcdcaguirre-for.infd.edu.ar\/sitio\/wp-json\/wp\/v2\/pages"}],"about":[{"href":"https:\/\/isfdcdcaguirre-for.infd.edu.ar\/sitio\/wp-json\/wp\/v2\/types\/page"}],"author":[{"embeddable":true,"href":"https:\/\/isfdcdcaguirre-for.infd.edu.ar\/sitio\/wp-json\/wp\/v2\/users\/1446"}],"replies":[{"embeddable":true,"href":"https:\/\/isfdcdcaguirre-for.infd.edu.ar\/sitio\/wp-json\/wp\/v2\/comments?post=865"}],"version-history":[{"count":1,"href":"https:\/\/isfdcdcaguirre-for.infd.edu.ar\/sitio\/wp-json\/wp\/v2\/pages\/865\/revisions"}],"predecessor-version":[{"id":1302,"href":"https:\/\/isfdcdcaguirre-for.infd.edu.ar\/sitio\/wp-json\/wp\/v2\/pages\/865\/revisions\/1302"}],"wp:attachment":[{"href":"https:\/\/isfdcdcaguirre-for.infd.edu.ar\/sitio\/wp-json\/wp\/v2\/media?parent=865"}],"curies":[{"name":"wp","href":"https:\/\/api.w.org\/{rel}","templated":true}]}}