{"id":898,"date":"2018-08-30T14:33:12","date_gmt":"2018-08-30T17:33:12","guid":{"rendered":"https:\/\/isfdcdcaguirre-for.infd.edu.ar\/sitio\/autoridades\/"},"modified":"2026-05-07T21:50:41","modified_gmt":"2026-05-08T00:50:41","slug":"autoridades","status":"publish","type":"page","link":"https:\/\/isfdcdcaguirre-for.infd.edu.ar\/sitio\/autoridades\/","title":{"rendered":"Autoridades"},"content":{"rendered":"<p style=\"text-align: center;\"><strong>\u00a0<\/strong><\/p>\n<p style=\"text-align: center;\"><span style=\"font-size: 12pt;\"><strong>Director\u00a0<\/strong><\/span><\/p>\n<p style=\"text-align: center;\"><span style=\"font-size: small;\">Mg. V\u00edctor Arturo Castro<\/span><\/p>\n<p style=\"text-align: center;\">\n<p style=\"text-align: center;\"><span style=\"font-size: 10pt;\"><strong>Secretario Docente<\/strong><\/span><\/p>\n<p style=\"text-align: center;\"><span style=\"font-size: 10pt;\">Prof. Fredy Ram\u00f3n Olmedo<\/span><\/p>\n<p style=\"text-align: center;\">\n<p style=\"text-align: center;\"><strong style=\"font-size: 10pt;\">Secretario Contable<\/strong><\/p>\n<p style=\"text-align: center;\"><span style=\"font-size: 10pt;\">Prof. Jorge Eduardo Cajide<\/span><\/p>\n<p style=\"text-align: center;\">\n<p style=\"text-align: center;\"><strong><span style=\"font-size: 10pt;\">Consejo de Direcci\u00f3n<\/span><\/strong><\/p>\n<p style=\"text-align: left;\"><span style=\"font-size: 8pt;\"><strong>Coordinadores del Departamento de Formaci\u00f3n Inicial Docente y T\u00e9cnico:<\/strong><\/span><\/p>\n<p style=\"text-align: left;\">\n<table border=\"1\" cellspacing=\"0\" cellpadding=\"0\" align=\"center\">\n<tbody>\n<tr>\n<td width=\"283\">\n<p style=\"text-align: left;\">Coordinador de Formaci\u00f3n Inicial Docente<\/p>\n<\/td>\n<td width=\"283\">Profesor Duarte Fulgencio Rolando<\/td>\n<\/tr>\n<tr>\n<td width=\"283\">Coordinador de Formaci\u00f3n Inicial T\u00e9cnica<\/td>\n<td width=\"283\">Profesor Montanaro Antonio Agust\u00edn<\/td>\n<\/tr>\n<\/tbody>\n<\/table>\n<p style=\"text-align: center;\">\n<p><span style=\"font-size: 8pt;\"><strong>Consejeros del Claustro de Profesores, <\/strong>que representan a todas las carreras que se dictan en la instituci\u00f3n:<\/span><\/p>\n<p style=\"text-align: left;\">\n<table border=\"1\" cellspacing=\"0\" cellpadding=\"0\" align=\"center\">\n<tbody>\n<tr>\n<td width=\"208\">Profesorado en Educaci\u00f3n Secundaria en Historia<\/td>\n<td width=\"164\">\n<p style=\"text-align: center;\">Titular<\/p>\n<\/td>\n<td width=\"194\">Profesora Riquelme Susana<\/td>\n<\/tr>\n<tr>\n<td width=\"208\">Profesorado en Educaci\u00f3n Secundaria en Historia<\/td>\n<td width=\"164\">\n<p style=\"text-align: center;\">Suplente<\/p>\n<\/td>\n<td width=\"194\">Profesora Galeano Genoveva<\/td>\n<\/tr>\n<tr>\n<td width=\"208\">Profesora en Educaci\u00f3n Secundaria en Ciencia Pol\u00edtica<\/td>\n<td width=\"164\">\n<p style=\"text-align: center;\">Titular<\/p>\n<\/td>\n<td width=\"194\">Profesora Pe\u00f1a Mar\u00eda Eugenia<\/td>\n<\/tr>\n<tr>\n<td width=\"208\">Profesora en Educaci\u00f3n Secundaria en Ciencia Pol\u00edtica<\/td>\n<td width=\"164\">\n<p style=\"text-align: center;\">Suplente<\/p>\n<\/td>\n<td width=\"194\">Profesora Rodr\u00edguez Alicia<\/td>\n<\/tr>\n<tr>\n<td width=\"208\">Tecnicatura en Administraci\u00f3n de Sistemas y Redes<\/td>\n<td width=\"164\">\n<p style=\"text-align: center;\">Titular<\/p>\n<\/td>\n<td width=\"194\">Alvarenga Vicente Ram\u00f3n<\/td>\n<\/tr>\n<tr>\n<td width=\"208\">Tecnicatura en Administraci\u00f3n de Sistemas y Redes<\/td>\n<td width=\"164\">\n<p style=\"text-align: center;\">Suplente<\/p>\n<\/td>\n<td width=\"194\">Profesora Ocampo Gloria<\/td>\n<\/tr>\n<tr>\n<td width=\"208\">Tecnicatura en Administraci\u00f3n de Empresas\u00a0 con Orientaci\u00f3n a PYMES.<\/td>\n<td width=\"164\">\n<p style=\"text-align: center;\">Titular<\/p>\n<\/td>\n<td width=\"194\">Profesora Ca\u00f1ete Lilian Lorena<\/td>\n<\/tr>\n<tr>\n<td width=\"208\">Tecnicatura en Administraci\u00f3n de Empresas\u00a0 con Orientaci\u00f3n a PYMES.<\/td>\n<td width=\"164\">\n<p style=\"text-align: center;\">Suplente<\/p>\n<\/td>\n<td width=\"194\">Profesora Mar\u00eda Sol Alem<\/td>\n<\/tr>\n<\/tbody>\n<\/table>\n<p style=\"text-align: center;\">\n<p><strong>\u00a0<\/strong><span style=\"font-size: 8pt;\"><strong>Consejeros del personal auxiliar t\u00e9cnico-administrativo<\/strong><\/span><\/p>\n<p style=\"text-align: center;\">\n<table border=\"1\" cellspacing=\"0\" cellpadding=\"0\" align=\"center\">\n<tbody>\n<tr>\n<td valign=\"top\" width=\"283\">Secretario Contable<\/td>\n<td valign=\"top\" width=\"283\">Profesor Jorge Eduardo Cajide<\/td>\n<\/tr>\n<tr>\n<td valign=\"top\" width=\"283\">Secretario Docente<\/td>\n<td valign=\"top\" width=\"283\">Profesor Fredy Ram\u00f3n Olmedo<\/td>\n<\/tr>\n<\/tbody>\n<\/table>\n<p style=\"text-align: left;\">\n<p style=\"text-align: left;\"><span style=\"font-size: 8pt;\"><strong>Consejeros del Claustro de estudiantes:<\/strong> Este ser\u00e1 rotativo para dar participaci\u00f3n a trav\u00e9s de sus representantes a todos los alumnos. Los integrantes ser\u00e1n: un alumno\/a elegido\/a por los alumnos delegados de curso \u00a0y un miembro del centro de estudiantes.<\/span><\/p>\n<p style=\"text-align: center;\"><span style=\"font-size: 8pt;\">\u00a0<\/span><\/p>\n<p><span style=\"font-size: 8pt;\"><strong>Consejero del Claustro de Graduados.<\/strong><\/span><\/p>\n<p style=\"text-align: left;\"><span style=\"font-size: 8pt;\">Prof. Rom\u00e1n Andrea Noem\u00ed.<\/span><\/p>\n<p style=\"text-align: center;\"><span style=\"font-size: 8pt;\">\u00a0<\/span><\/p>\n<p style=\"text-align: center;\">\n<p><span style=\"font-size: 10pt;\">\u00a0<\/span><\/p>\n<p style=\"text-align: center;\">\n","protected":false},"excerpt":{"rendered":"<p>\u00a0 Director\u00a0 Mg. V\u00edctor Arturo Castro Secretario Docente Prof. Fredy Ram\u00f3n Olmedo Secretario Contable Prof. Jorge Eduardo Cajide Consejo de Direcci\u00f3n Coordinadores del Departamento de Formaci\u00f3n Inicial Docente y T\u00e9cnico: Coordinador de Formaci\u00f3n Inicial Docente Profesor Duarte Fulgencio Rolando Coordinador de Formaci\u00f3n Inicial T\u00e9cnica Profesor Montanaro Antonio Agust\u00edn Consejeros del Claustro de Profesores, que representan &#8230; <a title=\"Autoridades\" class=\"read-more\" href=\"https:\/\/isfdcdcaguirre-for.infd.edu.ar\/sitio\/autoridades\/\" aria-label=\"More on Autoridades\">[+]<\/a><\/p>\n","protected":false},"author":1446,"featured_media":0,"parent":0,"menu_order":0,"comment_status":"closed","ping_status":"closed","template":"","meta":[],"acf":[],"_links":{"self":[{"href":"https:\/\/isfdcdcaguirre-for.infd.edu.ar\/sitio\/wp-json\/wp\/v2\/pages\/898"}],"collection":[{"href":"https:\/\/isfdcdcaguirre-for.infd.edu.ar\/sitio\/wp-json\/wp\/v2\/pages"}],"about":[{"href":"https:\/\/isfdcdcaguirre-for.infd.edu.ar\/sitio\/wp-json\/wp\/v2\/types\/page"}],"author":[{"embeddable":true,"href":"https:\/\/isfdcdcaguirre-for.infd.edu.ar\/sitio\/wp-json\/wp\/v2\/users\/1446"}],"replies":[{"embeddable":true,"href":"https:\/\/isfdcdcaguirre-for.infd.edu.ar\/sitio\/wp-json\/wp\/v2\/comments?post=898"}],"version-history":[{"count":2,"href":"https:\/\/isfdcdcaguirre-for.infd.edu.ar\/sitio\/wp-json\/wp\/v2\/pages\/898\/revisions"}],"predecessor-version":[{"id":2159,"href":"https:\/\/isfdcdcaguirre-for.infd.edu.ar\/sitio\/wp-json\/wp\/v2\/pages\/898\/revisions\/2159"}],"wp:attachment":[{"href":"https:\/\/isfdcdcaguirre-for.infd.edu.ar\/sitio\/wp-json\/wp\/v2\/media?parent=898"}],"curies":[{"name":"wp","href":"https:\/\/api.w.org\/{rel}","templated":true}]}}