{"id":917,"date":"2020-02-01T14:33:19","date_gmt":"2020-02-01T17:33:19","guid":{"rendered":"https:\/\/isfdcdcaguirre-for.infd.edu.ar\/sitio\/cronograma-de-examenes-finales\/"},"modified":"2026-04-23T18:45:49","modified_gmt":"2026-04-23T21:45:49","slug":"cronograma-de-examenes-finales","status":"publish","type":"page","link":"https:\/\/isfdcdcaguirre-for.infd.edu.ar\/sitio\/cronograma-de-examenes-finales\/","title":{"rendered":"Ex\u00e1menes Finales"},"content":{"rendered":"<h2 style=\"text-align: center;\"><strong>Cronograma e Inscripci\u00f3n para Ex\u00e1menes Finales\u00a0<\/strong><\/h2>\n<h2 style=\"text-align: center;\"><strong> Turno Mayo de 2026<\/strong><\/h2>\n<p>El cronograma de ex\u00e1menes finales para el turno de febrero se establece de acuerdo con el calendario escolar (Res. 4439\/25).<\/p>\n<p>A continuaci\u00f3n, se detallan las fechas y el proceso de inscripci\u00f3n:<\/p>\n<ul>\n<li><strong>Per\u00edodo de Inscripci\u00f3n:<\/strong> La inscripci\u00f3n a los ex\u00e1menes ser\u00e1 de forma <strong>presencial<\/strong> y se llevar\u00e1 a cabo del <strong>04 al 06 de mayo de 2026<\/strong>.<\/li>\n<li><strong>Aclaraci\u00f3n Importante:<\/strong> El turno de mayo tiene un <strong>\u00fanico llamado<\/strong>.<\/li>\n<\/ul>\n<p><strong>Descargar Cronogramas:<\/strong><\/p>\n<p style=\"text-align: left;\">Para consultar los horarios y fechas de las mesas de examen, pueden descargar los cronogramas completos haciendo clic en los siguientes enlaces:<\/p>\n<h3 style=\"text-align: center;\"><strong>\u00danico llamado<\/strong><\/h3>\n<p><span lang=\"ES-AR\" style=\"font-family: 'Times',serif;\">Cronograma de ex\u00e1menes del Profesorado de Educaci\u00f3n Superior en Ciencias de la Educaci\u00f3n.<\/span><\/p>\n<p><span lang=\"ES-AR\" style=\"font-family: 'Times',serif;\">Cronograma de ex\u00e1menes del Profesorado en<\/span> <span lang=\"ES-AR\" style=\"font-family: 'Times',serif;\">Educaci\u00f3n Secundaria en<\/span> <span lang=\"ES-AR\" style=\"font-family: 'Times',serif;\">Historia.<\/span><\/p>\n<p><a href=\"https:\/\/isfdcdcaguirre-for.infd.edu.ar\/sitio\/wp-content\/uploads\/2026\/04\/T-U-FD_Mayo_2026_Educacion_tecnologica_Cohorte_.pdf\" target=\"_blank\" rel=\"noopener\"><span lang=\"ES-AR\" style=\"font-family: 'Times',serif;\">Cronograma de ex\u00e1menes del Profesorado de Educaci\u00f3n Tecnol\u00f3gica.<\/span><\/a><\/p>\n<p><a href=\"https:\/\/isfdcdcaguirre-for.infd.edu.ar\/sitio\/wp-content\/uploads\/2026\/04\/T-U-FD_Mayo_2026_Ingles_Cohorte_2022-1.pdf\" target=\"_blank\" rel=\"noopener\"><span lang=\"ES-AR\" style=\"font-family: 'Times',serif;\">Crono<\/span><span lang=\"ES-AR\" style=\"font-family: 'Times',serif;\">grama de ex\u00e1menes del Profesorado de Ingl\u00e9s. Cohorte 2022<\/span><span lang=\"ES-AR\" style=\"font-family: 'Times',serif;\">.<\/span><\/a><\/p>\n<p><a href=\"https:\/\/isfdcdcaguirre-for.infd.edu.ar\/sitio\/wp-content\/uploads\/2026\/04\/T-U-FD_Mayo_2026_Ingles_Cohorte_2023-1.pdf\" target=\"_blank\" rel=\"noopener\"><span lang=\"ES-AR\" style=\"font-family: 'Times',serif;\">C<\/span><span lang=\"ES-AR\" style=\"font-family: 'Times',serif;\">ronograma de ex\u00e1menes del Profesorado de Ingl\u00e9s. Cohorte 2023.<\/span><\/a><\/p>\n<p><span lang=\"ES-AR\" style=\"font-family: 'Times',serif;\"><a href=\"https:\/\/isfdcdcaguirre-for.infd.edu.ar\/sitio\/wp-content\/uploads\/2026\/04\/T-U-FD_Mayo_2026_EXAMENES-REDES.pdf\" target=\"_blank\" rel=\"noopener\">Cronograma de ex\u00e1menes de Administraci\u00f3n de Sistemas y Redes<\/a>.<\/span><\/p>\n<p><a href=\"https:\/\/isfdcdcaguirre-for.infd.edu.ar\/sitio\/wp-content\/uploads\/2026\/04\/T-U-FD_Mayo_2026_EXAMENES-PYMES.pdf\" target=\"_blank\" rel=\"noopener\"><span lang=\"ES-AR\" style=\"font-family: 'Times',serif;\">Cronograma de ex\u00e1menes de Administraci\u00f3n de Empresas con Orientaci\u00f3n en PYMES.<\/span><\/a><\/p>\n<p><a href=\"https:\/\/isfdcdcaguirre-for.infd.edu.ar\/sitio\/wp-content\/uploads\/2026\/04\/T-U-FD_Mayo_2026_EXAMENES-SOFTWARE.pdf\" target=\"_blank\" rel=\"noopener\"><span lang=\"ES-AR\" style=\"font-family: 'Times',serif;\">Cronograma de ex\u00e1menes de Desarrollador de Software.<\/span><\/a><\/p>\n<p><a href=\"https:\/\/isfdcdcaguirre-for.infd.edu.ar\/sitio\/wp-content\/uploads\/2026\/04\/T-U-FD_Mayo_2026_EXAMENES-DISENO.pdf\" target=\"_blank\" rel=\"noopener\"><span lang=\"ES-AR\" style=\"font-family: 'Times',serif;\">Cronograma de ex\u00e1menes de Dise\u00f1o de Comunicaci\u00f3n Visual.<\/span><\/a><\/p>\n<p><a href=\"https:\/\/isfdcdcaguirre-for.infd.edu.ar\/sitio\/wp-content\/uploads\/2026\/04\/T-U-FD_Mayo_2026_EXAMENES-PERIODISMO.pdf\" target=\"_blank\" rel=\"noopener\"><span lang=\"ES-AR\" style=\"font-family: 'Times',serif;\">Cronograma de ex\u00e1menes de Periodismo M<\/span><span lang=\"ES-AR\" style=\"font-family: 'Times',serif;\">u<\/span><span lang=\"ES-AR\" style=\"font-family: 'Times',serif;\">ltimedial<\/span><span lang=\"ES-AR\" style=\"font-family: 'Times',serif;\">.<\/span><\/a><\/p>\n<p><a href=\"https:\/\/isfdcdcaguirre-for.infd.edu.ar\/sitio\/wp-content\/uploads\/2026\/04\/T-U-FD_Mayo_2026_EXAMENES_GESTION.pdf\" target=\"_blank\" rel=\"noopener\"><span lang=\"ES-AR\" style=\"font-family: 'Times',serif;\">Cronograma de ex\u00e1menes de Gesti\u00f3n de Producci\u00f3n Agropecuaria.<\/span><\/a><\/p>\n<p><a href=\"https:\/\/isfdcdcaguirre-for.infd.edu.ar\/sitio\/wp-content\/uploads\/2026\/04\/T-U-FD_Mayo_2026_EXAMENES_SOPORTE_INFRAESTRUCTURA.pdf\" target=\"_blank\" rel=\"noopener\"><span lang=\"ES-AR\" style=\"font-family: 'Times',serif;\">Cronograma de ex\u00e1menes de Soporte de Infraestructura de Tecnolog\u00eda de I<\/span><span lang=\"ES-AR\" style=\"font-family: 'Times',serif;\">nfo<\/span><span lang=\"ES-AR\" style=\"font-family: 'Times',serif;\">rmaci\u00f3n.<\/span><\/a><\/p>\n<p><a style=\"font-size: revert;\" href=\"https:\/\/isfdcdcaguirre-for.infd.edu.ar\/sitio\/wp-content\/uploads\/2026\/02\/T-U-FD_Marzo_2026_Historia_Educacion_Secundaria.pdf\" target=\"_blank\" rel=\"noopener\">\u00a0<\/a><\/p>\n","protected":false},"excerpt":{"rendered":"<p>Cronograma e Inscripci\u00f3n para Ex\u00e1menes Finales\u00a0 Turno Mayo de 2026 El cronograma de ex\u00e1menes finales para el turno de febrero se establece de acuerdo con el calendario escolar (Res. 4439\/25). A continuaci\u00f3n, se detallan las fechas y el proceso de inscripci\u00f3n: Per\u00edodo de Inscripci\u00f3n: La inscripci\u00f3n a los ex\u00e1menes ser\u00e1 de forma presencial y se &#8230; <a title=\"Ex\u00e1menes Finales\" class=\"read-more\" href=\"https:\/\/isfdcdcaguirre-for.infd.edu.ar\/sitio\/cronograma-de-examenes-finales\/\" aria-label=\"More on Ex\u00e1menes Finales\">[+]<\/a><\/p>\n","protected":false},"author":1446,"featured_media":0,"parent":0,"menu_order":0,"comment_status":"closed","ping_status":"closed","template":"","meta":[],"acf":[],"_links":{"self":[{"href":"https:\/\/isfdcdcaguirre-for.infd.edu.ar\/sitio\/wp-json\/wp\/v2\/pages\/917"}],"collection":[{"href":"https:\/\/isfdcdcaguirre-for.infd.edu.ar\/sitio\/wp-json\/wp\/v2\/pages"}],"about":[{"href":"https:\/\/isfdcdcaguirre-for.infd.edu.ar\/sitio\/wp-json\/wp\/v2\/types\/page"}],"author":[{"embeddable":true,"href":"https:\/\/isfdcdcaguirre-for.infd.edu.ar\/sitio\/wp-json\/wp\/v2\/users\/1446"}],"replies":[{"embeddable":true,"href":"https:\/\/isfdcdcaguirre-for.infd.edu.ar\/sitio\/wp-json\/wp\/v2\/comments?post=917"}],"version-history":[{"count":230,"href":"https:\/\/isfdcdcaguirre-for.infd.edu.ar\/sitio\/wp-json\/wp\/v2\/pages\/917\/revisions"}],"predecessor-version":[{"id":2152,"href":"https:\/\/isfdcdcaguirre-for.infd.edu.ar\/sitio\/wp-json\/wp\/v2\/pages\/917\/revisions\/2152"}],"wp:attachment":[{"href":"https:\/\/isfdcdcaguirre-for.infd.edu.ar\/sitio\/wp-json\/wp\/v2\/media?parent=917"}],"curies":[{"name":"wp","href":"https:\/\/api.w.org\/{rel}","templated":true}]}}